{"id":1129,"date":"2016-03-16T09:06:25","date_gmt":"2016-03-16T08:06:25","guid":{"rendered":"https:\/\/alinor.it\/es\/contatti\/"},"modified":"2017-03-21T17:44:15","modified_gmt":"2017-03-21T16:44:15","slug":"contacto","status":"publish","type":"page","link":"https:\/\/alinor.it\/es\/contacto\/","title":{"rendered":"Contacto"},"content":{"rendered":"<div class=\"frm_forms  with_frm_style frm_style_formidable-style\" id=\"frm_form_6_container\" >\n<form enctype=\"multipart\/form-data\" method=\"post\" class=\"frm-show-form  frm_ajax_submit  frm_pro_form \" id=\"form_7odtc\" >\n<div class=\"frm_form_fields \">\n<fieldset>\n<legend class=\"frm_hidden\">Contacts<\/legend>\r\n\r\n<div class=\"frm_fields_container\">\n<input type=\"hidden\" name=\"frm_action\" value=\"create\" \/>\n<input type=\"hidden\" name=\"form_id\" value=\"6\" \/>\n<input type=\"hidden\" name=\"frm_hide_fields_6\" id=\"frm_hide_fields_6\" value=\"\" \/>\n<input type=\"hidden\" name=\"form_key\" value=\"7odtc\" \/>\n<input type=\"hidden\" name=\"item_meta[0]\" value=\"\" \/>\n<input type=\"hidden\" id=\"frm_submit_entry_6\" name=\"frm_submit_entry_6\" value=\"118c5ac6ac\" \/><input type=\"hidden\" name=\"_wp_http_referer\" value=\"\/es\/wp-json\/wp\/v2\/pages\/1129\" \/><div id=\"frm_field_83_container\" class=\"frm_form_field form-field  frm_required_field frm_top_container\">\r\n    <label for=\"field_bxhng\" class=\"frm_primary_label\">Nombre completo\r\n        <span class=\"frm_required\">*<\/span>\r\n    <\/label>\r\n    <input  type=\"text\" id=\"field_bxhng\" name=\"item_meta[83]\" value=\"\"  data-reqmsg=\"Nombre completo cannot be blank.\" aria-required=\"true\" data-invmsg=\"Nombre completo no es v\u00e1lido\" aria-invalid=\"false\"   \/>\r\n    \r\n    \r\n<\/div>\n<div id=\"frm_field_84_container\" class=\"frm_form_field form-field  frm_top_container\">\r\n    <label for=\"field_isz27\" class=\"frm_primary_label\">Company\r\n        <span class=\"frm_required\"><\/span>\r\n    <\/label>\r\n    <input  type=\"text\" id=\"field_isz27\" name=\"item_meta[84]\" value=\"\"  data-invmsg=\"Company no es v\u00e1lido\" aria-invalid=\"false\"   \/>\r\n    \r\n    \r\n<\/div>\n<div id=\"frm_field_85_container\" class=\"frm_form_field form-field  frm_required_field frm_top_container\">\r\n    <label for=\"field_dpdkr\" class=\"frm_primary_label\">Email\r\n        <span class=\"frm_required\">*<\/span>\r\n    <\/label>\r\n    <input  type=\"text\" id=\"field_dpdkr\" name=\"item_meta[85]\" value=\"\"  data-reqmsg=\"Email cannot be blank.\" aria-required=\"true\" data-invmsg=\"Email no es v\u00e1lido\" aria-invalid=\"false\"   \/>\r\n    \r\n    \r\n<\/div>\n<div id=\"frm_field_86_container\" class=\"frm_form_field form-field  frm_top_container\">\r\n    <label for=\"field_ozxj9\" class=\"frm_primary_label\">N\u00famero de tel\u00e9fono\r\n        <span class=\"frm_required\"><\/span>\r\n    <\/label>\r\n    <input  type=\"text\" id=\"field_ozxj9\" name=\"item_meta[86]\" value=\"\"  data-invmsg=\"N\u00famero de tel\u00e9fono no es v\u00e1lido\" aria-invalid=\"false\"   \/>\r\n    \r\n    \r\n<\/div>\n<div id=\"frm_field_87_container\" class=\"frm_form_field form-field  frm_required_field frm_top_container\">\r\n    <label for=\"field_42ofs\" class=\"frm_primary_label\">Deja un mensaje\r\n        <span class=\"frm_required\">*<\/span>\r\n    <\/label>\r\n    <textarea name=\"item_meta[87]\" id=\"field_42ofs\" rows=\"5\"  data-reqmsg=\"Deja un mensaje cannot be blank.\" aria-required=\"true\" data-invmsg=\"Deja un mensaje no es v\u00e1lido\" aria-invalid=\"false\"  ><\/textarea>\r\n    \r\n    \r\n<\/div>\n<div id=\"frm_field_88_container\" class=\"frm_form_field form-field  frm_none_container\">\r\n    <label for=\"g-recaptcha-response\" class=\"frm_primary_label\">Captcha\r\n        <span class=\"frm_required\"><\/span>\r\n    <\/label>\r\n    <div  id=\"field_lv918\" class=\"frm-g-recaptcha\" data-sitekey=\"6Lc_2tUpAAAAADK0YDK9iXIM0BwnyD9_FtRWOmU7\" data-size=\"invisible\" data-theme=\"light\"><\/div>\r\n    \r\n    \r\n<\/div>\n<div id=\"frm_field_104_container\" class=\"frm_form_field form-field \">\n\t<div class=\"frm_submit\">\r\n\r\n<input type=\"submit\" value=\"Submit\"  class=\"frm_final_submit\" \/>\r\n<img decoding=\"async\" class=\"frm_ajax_loading\" src=\"https:\/\/alinor.it\/wp-content\/plugins\/formidable\/images\/ajax_loader.gif\" alt=\"Sending\"\/>\r\n\r\n<\/div>\n<\/div>\n\t<input type=\"hidden\" name=\"item_key\" value=\"\" \/>\n\t\t\t\t<div class=\"frm__6638abdab66b1\">\n\t\t\t\t<label for=\"frm_email_6\" >\n\t\t\t\t\tSi eres humano, deja este campo en blanco.\t\t\t\t<\/label>\n\t\t\t\t<input  id=\"frm_email_6\" type=\"text\" class=\"frm_verify\" name=\"frm__6638abdab66b1\" value=\"\" autocomplete=\"off\"  \/>\n\t\t\t<\/div>\n\t\t<input name=\"frm_state\" type=\"hidden\" value=\"K1tgPZUkdq8LY1QPFJFg78dpNx5zF5jcBHRTJEwF+Bg=\" \/><\/div>\n<\/fieldset>\n<\/div>\n\n<\/form>\n<\/div>\n\n","protected":false},"excerpt":{"rendered":"","protected":false},"author":1,"featured_media":0,"parent":0,"menu_order":7,"comment_status":"closed","ping_status":"closed","template":"page-contacts.php","meta":{"_acf_changed":false,"footnotes":""},"class_list":["post-1129","page","type-page","status-publish","hentry","sticky-post"],"acf":[],"yoast_head":"<!-- This site is optimized with the Yoast SEO plugin v24.9 - https:\/\/yoast.com\/wordpress\/plugins\/seo\/ -->\n<title>Contacto - Alinor<\/title>\n<meta name=\"robots\" content=\"index, follow, max-snippet:-1, max-image-preview:large, max-video-preview:-1\" \/>\n<link rel=\"canonical\" href=\"https:\/\/alinor.it\/es\/contacto\/\" \/>\n<meta property=\"og:locale\" content=\"es_ES\" \/>\n<meta property=\"og:type\" content=\"article\" \/>\n<meta property=\"og:title\" content=\"Contacto - Alinor\" \/>\n<meta property=\"og:url\" content=\"https:\/\/alinor.it\/es\/contacto\/\" \/>\n<meta property=\"og:site_name\" content=\"Alinor\" \/>\n<meta property=\"article:modified_time\" content=\"2017-03-21T16:44:15+00:00\" \/>\n<meta name=\"twitter:card\" content=\"summary_large_image\" \/>\n<script type=\"application\/ld+json\" class=\"yoast-schema-graph\">{\"@context\":\"https:\/\/schema.org\",\"@graph\":[{\"@type\":\"WebPage\",\"@id\":\"https:\/\/alinor.it\/es\/contacto\/\",\"url\":\"https:\/\/alinor.it\/es\/contacto\/\",\"name\":\"Contacto - Alinor\",\"isPartOf\":{\"@id\":\"https:\/\/alinor.it\/es\/#website\"},\"datePublished\":\"2016-03-16T08:06:25+00:00\",\"dateModified\":\"2017-03-21T16:44:15+00:00\",\"breadcrumb\":{\"@id\":\"https:\/\/alinor.it\/es\/contacto\/#breadcrumb\"},\"inLanguage\":\"es\",\"potentialAction\":[{\"@type\":\"ReadAction\",\"target\":[\"https:\/\/alinor.it\/es\/contacto\/\"]}]},{\"@type\":\"BreadcrumbList\",\"@id\":\"https:\/\/alinor.it\/es\/contacto\/#breadcrumb\",\"itemListElement\":[{\"@type\":\"ListItem\",\"position\":1,\"name\":\"Home\",\"item\":\"https:\/\/alinor.it\/es\/\"},{\"@type\":\"ListItem\",\"position\":2,\"name\":\"Contacto\"}]},{\"@type\":\"WebSite\",\"@id\":\"https:\/\/alinor.it\/es\/#website\",\"url\":\"https:\/\/alinor.it\/es\/\",\"name\":\"Alinor\",\"description\":\"Un nuovo sito targato WordPress\",\"potentialAction\":[{\"@type\":\"SearchAction\",\"target\":{\"@type\":\"EntryPoint\",\"urlTemplate\":\"https:\/\/alinor.it\/es\/?s={search_term_string}\"},\"query-input\":{\"@type\":\"PropertyValueSpecification\",\"valueRequired\":true,\"valueName\":\"search_term_string\"}}],\"inLanguage\":\"es\"}]}<\/script>\n<!-- \/ Yoast SEO plugin. -->","yoast_head_json":{"title":"Contacto - Alinor","robots":{"index":"index","follow":"follow","max-snippet":"max-snippet:-1","max-image-preview":"max-image-preview:large","max-video-preview":"max-video-preview:-1"},"canonical":"https:\/\/alinor.it\/es\/contacto\/","og_locale":"es_ES","og_type":"article","og_title":"Contacto - Alinor","og_url":"https:\/\/alinor.it\/es\/contacto\/","og_site_name":"Alinor","article_modified_time":"2017-03-21T16:44:15+00:00","twitter_card":"summary_large_image","schema":{"@context":"https:\/\/schema.org","@graph":[{"@type":"WebPage","@id":"https:\/\/alinor.it\/es\/contacto\/","url":"https:\/\/alinor.it\/es\/contacto\/","name":"Contacto - Alinor","isPartOf":{"@id":"https:\/\/alinor.it\/es\/#website"},"datePublished":"2016-03-16T08:06:25+00:00","dateModified":"2017-03-21T16:44:15+00:00","breadcrumb":{"@id":"https:\/\/alinor.it\/es\/contacto\/#breadcrumb"},"inLanguage":"es","potentialAction":[{"@type":"ReadAction","target":["https:\/\/alinor.it\/es\/contacto\/"]}]},{"@type":"BreadcrumbList","@id":"https:\/\/alinor.it\/es\/contacto\/#breadcrumb","itemListElement":[{"@type":"ListItem","position":1,"name":"Home","item":"https:\/\/alinor.it\/es\/"},{"@type":"ListItem","position":2,"name":"Contacto"}]},{"@type":"WebSite","@id":"https:\/\/alinor.it\/es\/#website","url":"https:\/\/alinor.it\/es\/","name":"Alinor","description":"Un nuovo sito targato WordPress","potentialAction":[{"@type":"SearchAction","target":{"@type":"EntryPoint","urlTemplate":"https:\/\/alinor.it\/es\/?s={search_term_string}"},"query-input":{"@type":"PropertyValueSpecification","valueRequired":true,"valueName":"search_term_string"}}],"inLanguage":"es"}]}},"_links":{"self":[{"href":"https:\/\/alinor.it\/es\/wp-json\/wp\/v2\/pages\/1129","targetHints":{"allow":["GET"]}}],"collection":[{"href":"https:\/\/alinor.it\/es\/wp-json\/wp\/v2\/pages"}],"about":[{"href":"https:\/\/alinor.it\/es\/wp-json\/wp\/v2\/types\/page"}],"author":[{"embeddable":true,"href":"https:\/\/alinor.it\/es\/wp-json\/wp\/v2\/users\/1"}],"replies":[{"embeddable":true,"href":"https:\/\/alinor.it\/es\/wp-json\/wp\/v2\/comments?post=1129"}],"version-history":[{"count":1,"href":"https:\/\/alinor.it\/es\/wp-json\/wp\/v2\/pages\/1129\/revisions"}],"predecessor-version":[{"id":1130,"href":"https:\/\/alinor.it\/es\/wp-json\/wp\/v2\/pages\/1129\/revisions\/1130"}],"wp:attachment":[{"href":"https:\/\/alinor.it\/es\/wp-json\/wp\/v2\/media?parent=1129"}],"curies":[{"name":"wp","href":"https:\/\/api.w.org\/{rel}","templated":true}]}}